{"id":139,"date":"2020-01-16T10:01:54","date_gmt":"2020-01-16T09:01:54","guid":{"rendered":"http:\/\/dev20.scio-technology.com\/?page_id=139"},"modified":"2021-08-11T13:37:36","modified_gmt":"2021-08-11T11:37:36","slug":"karriere","status":"publish","type":"page","link":"https:\/\/www.scio-technology.com\/en\/karriere\/","title":{"rendered":"Careers"},"content":{"rendered":"<div data-elementor-type=\"wp-page\" data-elementor-id=\"139\" class=\"elementor elementor-139\">\n\t\t\t\t\t\t<section class=\"elementor-section elementor-top-section elementor-element elementor-element-aab6124 elementor-section-boxed elementor-section-height-default elementor-section-height-default\" data-id=\"aab6124\" data-element_type=\"section\" data-e-type=\"section\">\n\t\t\t\t\t\t<div class=\"elementor-container elementor-column-gap-default\">\n\t\t\t\t\t<div class=\"elementor-column elementor-col-100 elementor-top-column elementor-element elementor-element-bc4f610\" data-id=\"bc4f610\" data-element_type=\"column\" data-e-type=\"column\">\n\t\t\t<div class=\"elementor-widget-wrap elementor-element-populated\">\n\t\t\t\t\t\t<div class=\"elementor-element elementor-element-dd43979 elementor-widget elementor-widget-heading\" data-id=\"dd43979\" data-element_type=\"widget\" data-e-type=\"widget\" data-widget_type=\"heading.default\">\n\t\t\t\t<div class=\"elementor-widget-container\">\n\t\t\t\t\t<h3 class=\"elementor-heading-title elementor-size-xl\">Careers<\/h3>\t\t\t\t<\/div>\n\t\t\t\t<\/div>\n\t\t\t\t<div class=\"elementor-element elementor-element-4197cb2 elementor-widget-divider--view-line elementor-widget elementor-widget-divider\" data-id=\"4197cb2\" data-element_type=\"widget\" data-e-type=\"widget\" data-widget_type=\"divider.default\">\n\t\t\t\t<div class=\"elementor-widget-container\">\n\t\t\t\t\t\t\t<div class=\"elementor-divider\">\n\t\t\t<span class=\"elementor-divider-separator\">\n\t\t\t\t\t\t<\/span>\n\t\t<\/div>\n\t\t\t\t\t\t<\/div>\n\t\t\t\t<\/div>\n\t\t\t\t<div class=\"elementor-element elementor-element-53287fd elementor-widget elementor-widget-text-editor\" data-id=\"53287fd\" data-element_type=\"widget\" data-e-type=\"widget\" data-widget_type=\"text-editor.default\">\n\t\t\t\t<div class=\"elementor-widget-container\">\n\t\t\t\t\t\t\t\t\t<p>We develop the technology for tomorrow - today. Go new ways together with us and set impulses for trendsetting technologies. Our focus is on you, as a person. With a variety of options, you can achieve your desired work-life balance.<\/p>\t\t\t\t\t\t\t\t<\/div>\n\t\t\t\t<\/div>\n\t\t\t\t\t<\/div>\n\t\t<\/div>\n\t\t\t\t\t<\/div>\n\t\t<\/section>\n\t\t\t\t<section class=\"elementor-section elementor-top-section elementor-element elementor-element-381e10c elementor-section-boxed elementor-section-height-default elementor-section-height-default\" data-id=\"381e10c\" data-element_type=\"section\" data-e-type=\"section\">\n\t\t\t\t\t\t<div class=\"elementor-container elementor-column-gap-default\">\n\t\t\t\t\t<div class=\"elementor-column elementor-col-100 elementor-top-column elementor-element elementor-element-5dd5967\" data-id=\"5dd5967\" data-element_type=\"column\" data-e-type=\"column\">\n\t\t\t<div class=\"elementor-widget-wrap elementor-element-populated\">\n\t\t\t\t\t\t<div class=\"elementor-element elementor-element-bd7c817 elementor-widget elementor-widget-heading\" data-id=\"bd7c817\" data-element_type=\"widget\" data-e-type=\"widget\" data-widget_type=\"heading.default\">\n\t\t\t\t<div class=\"elementor-widget-container\">\n\t\t\t\t\t<h4 class=\"elementor-heading-title elementor-size-default\">Professionals<\/h4>\t\t\t\t<\/div>\n\t\t\t\t<\/div>\n\t\t\t\t<div class=\"elementor-element elementor-element-07c2c70 elementor-widget-divider--view-line elementor-widget elementor-widget-divider\" data-id=\"07c2c70\" data-element_type=\"widget\" data-e-type=\"widget\" data-widget_type=\"divider.default\">\n\t\t\t\t<div class=\"elementor-widget-container\">\n\t\t\t\t\t\t\t<div class=\"elementor-divider\">\n\t\t\t<span class=\"elementor-divider-separator\">\n\t\t\t\t\t\t<\/span>\n\t\t<\/div>\n\t\t\t\t\t\t<\/div>\n\t\t\t\t<\/div>\n\t\t\t\t<div class=\"elementor-element elementor-element-46d83de elementor-widget elementor-widget-image\" data-id=\"46d83de\" data-element_type=\"widget\" data-e-type=\"widget\" data-widget_type=\"image.default\">\n\t\t\t\t<div class=\"elementor-widget-container\">\n\t\t\t\t\t\t\t\t\t\t\t\t\t\t\t<img fetchpriority=\"high\" decoding=\"async\" width=\"839\" height=\"449\" src=\"https:\/\/www.scio-technology.com\/wp-content\/uploads\/2020\/01\/k1-e1628601629994.jpg\" class=\"attachment-full size-full wp-image-434\" alt=\"\" srcset=\"https:\/\/www.scio-technology.com\/wp-content\/uploads\/2020\/01\/k1-e1628601629994.jpg 839w, https:\/\/www.scio-technology.com\/wp-content\/uploads\/2020\/01\/k1-e1628601629994-300x161.jpg 300w, https:\/\/www.scio-technology.com\/wp-content\/uploads\/2020\/01\/k1-e1628601629994-768x411.jpg 768w, https:\/\/www.scio-technology.com\/wp-content\/uploads\/2020\/01\/k1-e1628601629994-18x10.jpg 18w, https:\/\/www.scio-technology.com\/wp-content\/uploads\/2020\/01\/elementor\/thumbs\/k1-e1628601629994-pbeu79cuhbappnwwn90go4bgetqy8hp10om0xpz542.jpg 353w\" sizes=\"(max-width: 839px) 100vw, 839px\" \/>\t\t\t\t\t\t\t\t\t\t\t\t\t\t\t<\/div>\n\t\t\t\t<\/div>\n\t\t\t\t<div class=\"elementor-element elementor-element-d729a53 elementor-widget elementor-widget-text-editor\" data-id=\"d729a53\" data-element_type=\"widget\" data-e-type=\"widget\" data-widget_type=\"text-editor.default\">\n\t\t\t\t<div class=\"elementor-widget-container\">\n\t\t\t\t\t\t\t\t\t<p>You already have work experience and are looking for a new challenge? Your studies are coming to an end and you want to make a difference in a trend-setting market?<\/p><p>As an innovative company in the technology sector, we are always looking for committed and motivated employees who share our vision of a sustainable world. We offer you the opportunity to grow professionally and see your career as a shared and lifelong learning experience.<\/p><p>We support you in your personal development and have an extensive on-boarding program. <\/p>\t\t\t\t\t\t\t\t<\/div>\n\t\t\t\t<\/div>\n\t\t\t\t<div class=\"elementor-element elementor-element-91e15e0 elementor-align-center elementor-widget elementor-widget-button\" data-id=\"91e15e0\" data-element_type=\"widget\" data-e-type=\"widget\" data-widget_type=\"button.default\">\n\t\t\t\t<div class=\"elementor-widget-container\">\n\t\t\t\t\t\t\t\t\t<div class=\"elementor-button-wrapper\">\n\t\t\t\t\t<a class=\"elementor-button elementor-button-link elementor-size-md elementor-animation-grow\" href=\"\/en\/karriere\/professionals\/\">\n\t\t\t\t\t\t<span class=\"elementor-button-content-wrapper\">\n\t\t\t\t\t\t\t\t\t<span class=\"elementor-button-text\">Vacancies<\/span>\n\t\t\t\t\t<\/span>\n\t\t\t\t\t<\/a>\n\t\t\t\t<\/div>\n\t\t\t\t\t\t\t\t<\/div>\n\t\t\t\t<\/div>\n\t\t\t\t\t<\/div>\n\t\t<\/div>\n\t\t\t\t\t<\/div>\n\t\t<\/section>\n\t\t\t\t<section class=\"elementor-section elementor-top-section elementor-element elementor-element-68d287e elementor-section-boxed elementor-section-height-default elementor-section-height-default\" data-id=\"68d287e\" data-element_type=\"section\" data-e-type=\"section\">\n\t\t\t\t\t\t<div class=\"elementor-container elementor-column-gap-default\">\n\t\t\t\t\t<div class=\"elementor-column elementor-col-100 elementor-top-column elementor-element elementor-element-6829643\" data-id=\"6829643\" data-element_type=\"column\" data-e-type=\"column\">\n\t\t\t<div class=\"elementor-widget-wrap elementor-element-populated\">\n\t\t\t\t\t\t<div class=\"elementor-element elementor-element-0c70c81 elementor-widget elementor-widget-heading\" data-id=\"0c70c81\" data-element_type=\"widget\" data-e-type=\"widget\" data-widget_type=\"heading.default\">\n\t\t\t\t<div class=\"elementor-widget-container\">\n\t\t\t\t\t<h4 class=\"elementor-heading-title elementor-size-default\">Students<\/h4>\t\t\t\t<\/div>\n\t\t\t\t<\/div>\n\t\t\t\t<div class=\"elementor-element elementor-element-623dc60 elementor-widget-divider--view-line elementor-widget elementor-widget-divider\" data-id=\"623dc60\" data-element_type=\"widget\" data-e-type=\"widget\" data-widget_type=\"divider.default\">\n\t\t\t\t<div class=\"elementor-widget-container\">\n\t\t\t\t\t\t\t<div class=\"elementor-divider\">\n\t\t\t<span class=\"elementor-divider-separator\">\n\t\t\t\t\t\t<\/span>\n\t\t<\/div>\n\t\t\t\t\t\t<\/div>\n\t\t\t\t<\/div>\n\t\t\t\t<div class=\"elementor-element elementor-element-82594d6 elementor-widget elementor-widget-image\" data-id=\"82594d6\" data-element_type=\"widget\" data-e-type=\"widget\" data-widget_type=\"image.default\">\n\t\t\t\t<div class=\"elementor-widget-container\">\n\t\t\t\t\t\t\t\t\t\t\t\t\t\t\t<img decoding=\"async\" width=\"1171\" height=\"462\" src=\"https:\/\/www.scio-technology.com\/wp-content\/uploads\/2020\/01\/k2-scaled-e1628601845821.jpg\" class=\"attachment-full size-full wp-image-435\" alt=\"\" \/>\t\t\t\t\t\t\t\t\t\t\t\t\t\t\t<\/div>\n\t\t\t\t<\/div>\n\t\t\t\t<div class=\"elementor-element elementor-element-d451b50 elementor-widget elementor-widget-text-editor\" data-id=\"d451b50\" data-element_type=\"widget\" data-e-type=\"widget\" data-widget_type=\"text-editor.default\">\n\t\t\t\t<div class=\"elementor-widget-container\">\n\t\t\t\t\t\t\t\t\t<p><em>Out of the lecture hall - into the job<\/em><\/p><p>Would you like to deepen your knowledge while studying? Would you like to put your knowledge into practice?<\/p><p>We offer a wide range of internships and working student positions ranging from a few weeks to several months in length.<\/p><p>These are always real jobs with clearly defined goals. To get the most out of your new position, you are involved as a full member of the team from day one.<\/p><p>Unlimited support and on-the-job training are part of the program.<\/p>\t\t\t\t\t\t\t\t<\/div>\n\t\t\t\t<\/div>\n\t\t\t\t<div class=\"elementor-element elementor-element-0bf915d elementor-align-center elementor-widget elementor-widget-button\" data-id=\"0bf915d\" data-element_type=\"widget\" data-e-type=\"widget\" data-widget_type=\"button.default\">\n\t\t\t\t<div class=\"elementor-widget-container\">\n\t\t\t\t\t\t\t\t\t<div class=\"elementor-button-wrapper\">\n\t\t\t\t\t<a class=\"elementor-button elementor-button-link elementor-size-md elementor-animation-grow\" href=\"\/en\/karriere\/students\/\">\n\t\t\t\t\t\t<span class=\"elementor-button-content-wrapper\">\n\t\t\t\t\t\t\t\t\t<span class=\"elementor-button-text\">Vacancies<\/span>\n\t\t\t\t\t<\/span>\n\t\t\t\t\t<\/a>\n\t\t\t\t<\/div>\n\t\t\t\t\t\t\t\t<\/div>\n\t\t\t\t<\/div>\n\t\t\t\t\t<\/div>\n\t\t<\/div>\n\t\t\t\t\t<\/div>\n\t\t<\/section>\n\t\t\t\t<section class=\"elementor-section elementor-top-section elementor-element elementor-element-9794c18 elementor-section-boxed elementor-section-height-default elementor-section-height-default\" data-id=\"9794c18\" data-element_type=\"section\" data-e-type=\"section\">\n\t\t\t\t\t\t<div class=\"elementor-container elementor-column-gap-default\">\n\t\t\t\t\t<div class=\"elementor-column elementor-col-100 elementor-top-column elementor-element elementor-element-b2e186c\" data-id=\"b2e186c\" data-element_type=\"column\" data-e-type=\"column\">\n\t\t\t<div class=\"elementor-widget-wrap elementor-element-populated\">\n\t\t\t\t\t\t<div class=\"elementor-element elementor-element-85c6594 elementor-widget elementor-widget-heading\" data-id=\"85c6594\" data-element_type=\"widget\" data-e-type=\"widget\" data-widget_type=\"heading.default\">\n\t\t\t\t<div class=\"elementor-widget-container\">\n\t\t\t\t\t<h4 class=\"elementor-heading-title elementor-size-default\">FAQ<\/h4>\t\t\t\t<\/div>\n\t\t\t\t<\/div>\n\t\t\t\t<div class=\"elementor-element elementor-element-d5c7a1c elementor-widget-divider--view-line elementor-widget elementor-widget-divider\" data-id=\"d5c7a1c\" data-element_type=\"widget\" data-e-type=\"widget\" data-widget_type=\"divider.default\">\n\t\t\t\t<div class=\"elementor-widget-container\">\n\t\t\t\t\t\t\t<div class=\"elementor-divider\">\n\t\t\t<span class=\"elementor-divider-separator\">\n\t\t\t\t\t\t<\/span>\n\t\t<\/div>\n\t\t\t\t\t\t<\/div>\n\t\t\t\t<\/div>\n\t\t\t\t<div class=\"elementor-element elementor-element-0d0b40c elementor-widget elementor-widget-image\" data-id=\"0d0b40c\" data-element_type=\"widget\" data-e-type=\"widget\" data-widget_type=\"image.default\">\n\t\t\t\t<div class=\"elementor-widget-container\">\n\t\t\t\t\t\t\t\t\t\t\t\t\t\t\t<img decoding=\"async\" width=\"2560\" height=\"1900\" src=\"https:\/\/www.scio-technology.com\/wp-content\/uploads\/2020\/01\/k4-scaled.jpg\" class=\"attachment-full size-full wp-image-436\" alt=\"\" srcset=\"https:\/\/www.scio-technology.com\/wp-content\/uploads\/2020\/01\/k4-scaled.jpg 2560w, https:\/\/www.scio-technology.com\/wp-content\/uploads\/2020\/01\/k4-300x223.jpg 300w, https:\/\/www.scio-technology.com\/wp-content\/uploads\/2020\/01\/k4-1024x760.jpg 1024w, https:\/\/www.scio-technology.com\/wp-content\/uploads\/2020\/01\/k4-768x570.jpg 768w, https:\/\/www.scio-technology.com\/wp-content\/uploads\/2020\/01\/k4-1536x1140.jpg 1536w, https:\/\/www.scio-technology.com\/wp-content\/uploads\/2020\/01\/k4-2048x1520.jpg 2048w\" sizes=\"(max-width: 2560px) 100vw, 2560px\" \/>\t\t\t\t\t\t\t\t\t\t\t\t\t\t\t<\/div>\n\t\t\t\t<\/div>\n\t\t\t\t<div class=\"elementor-element elementor-element-3f1d4ad elementor-widget elementor-widget-text-editor\" data-id=\"3f1d4ad\" data-element_type=\"widget\" data-e-type=\"widget\" data-widget_type=\"text-editor.default\">\n\t\t\t\t<div class=\"elementor-widget-container\">\n\t\t\t\t\t\t\t\t\t<p>Questions can arise during your application process. Take a look at our FAQs where we try to answer the most common questions.<\/p><p>Our FAQs help you with your questions about the application process and give you an overview of the career opportunities at SCIO.<\/p><p>If you have any further questions, we are happy to help. Email us at<br \/>career@scio-technology.com<\/p>\t\t\t\t\t\t\t\t<\/div>\n\t\t\t\t<\/div>\n\t\t\t\t<div class=\"elementor-element elementor-element-fc37d88 elementor-align-center elementor-widget elementor-widget-button\" data-id=\"fc37d88\" data-element_type=\"widget\" data-e-type=\"widget\" data-widget_type=\"button.default\">\n\t\t\t\t<div class=\"elementor-widget-container\">\n\t\t\t\t\t\t\t\t\t<div class=\"elementor-button-wrapper\">\n\t\t\t\t\t<a class=\"elementor-button elementor-button-link elementor-size-md elementor-animation-grow\" href=\"\/en\/karriere\/faq\/\">\n\t\t\t\t\t\t<span class=\"elementor-button-content-wrapper\">\n\t\t\t\t\t\t\t\t\t<span class=\"elementor-button-text\">Read more<\/span>\n\t\t\t\t\t<\/span>\n\t\t\t\t\t<\/a>\n\t\t\t\t<\/div>\n\t\t\t\t\t\t\t\t<\/div>\n\t\t\t\t<\/div>\n\t\t\t\t\t<\/div>\n\t\t<\/div>\n\t\t\t\t\t<\/div>\n\t\t<\/section>\n\t\t\t\t<\/div>\n\t\t<script language='javascript' type='text\/javascript'>function getWR360PopupSkin(){return 'light_clean';}<\/script>","protected":false},"excerpt":{"rendered":"<p>Karriere Wir entwickeln heute die Technik f\u00fcr morgen. Entdecken Sie mit uns gemeinsam neue Wege und setzen Impulse f\u00fcr zukunftsweisende Technologien. Dabei stehen Sie als Mensch stets im Mittelpunkt. Durch eine Vielzahl an M\u00f6glichkeiten entscheiden Sie sich f\u00fcr beides, Arbeit und Privatleben. Professionals Sie haben bereits Berufserfahrung gesammelt und suchen eine neue Herausforderung? Ihr Studium&hellip;&nbsp;<a href=\"https:\/\/www.scio-technology.com\/en\/karriere\/\" rel=\"bookmark\">Read More &raquo;<span class=\"screen-reader-text\">Careers<\/span><\/a><\/p>","protected":false},"author":1,"featured_media":0,"parent":0,"menu_order":0,"comment_status":"closed","ping_status":"closed","template":"","meta":{"neve_meta_sidebar":"full-width","neve_meta_container":"","neve_meta_enable_content_width":"on","neve_meta_content_width":100,"neve_meta_title_alignment":"","neve_meta_author_avatar":"","neve_post_elements_order":"","neve_meta_disable_header":"","neve_meta_disable_footer":"","neve_meta_disable_title":"","neve_meta_reading_time":"","_themeisle_gutenberg_block_has_review":false,"footnotes":""},"class_list":["post-139","page","type-page","status-publish","hentry"],"_links":{"self":[{"href":"https:\/\/www.scio-technology.com\/en\/wp-json\/wp\/v2\/pages\/139","targetHints":{"allow":["GET"]}}],"collection":[{"href":"https:\/\/www.scio-technology.com\/en\/wp-json\/wp\/v2\/pages"}],"about":[{"href":"https:\/\/www.scio-technology.com\/en\/wp-json\/wp\/v2\/types\/page"}],"author":[{"embeddable":true,"href":"https:\/\/www.scio-technology.com\/en\/wp-json\/wp\/v2\/users\/1"}],"replies":[{"embeddable":true,"href":"https:\/\/www.scio-technology.com\/en\/wp-json\/wp\/v2\/comments?post=139"}],"version-history":[{"count":40,"href":"https:\/\/www.scio-technology.com\/en\/wp-json\/wp\/v2\/pages\/139\/revisions"}],"predecessor-version":[{"id":3626,"href":"https:\/\/www.scio-technology.com\/en\/wp-json\/wp\/v2\/pages\/139\/revisions\/3626"}],"wp:attachment":[{"href":"https:\/\/www.scio-technology.com\/en\/wp-json\/wp\/v2\/media?parent=139"}],"curies":[{"name":"wp","href":"https:\/\/api.w.org\/{rel}","templated":true}]}}