{"id":650,"date":"2020-02-06T11:15:57","date_gmt":"2020-02-06T10:15:57","guid":{"rendered":"http:\/\/dev20.scio-technology.com\/?page_id=650"},"modified":"2021-08-11T13:15:39","modified_gmt":"2021-08-11T11:15:39","slug":"leistungen","status":"publish","type":"page","link":"https:\/\/www.scio-technology.com\/en\/leistungen\/","title":{"rendered":"Services"},"content":{"rendered":"<div data-elementor-type=\"wp-page\" data-elementor-id=\"650\" class=\"elementor elementor-650\">\n\t\t\t\t\t\t<section class=\"elementor-section elementor-top-section elementor-element elementor-element-04eef16 elementor-section-boxed elementor-section-height-default elementor-section-height-default\" data-id=\"04eef16\" data-element_type=\"section\" data-e-type=\"section\">\n\t\t\t\t\t\t<div class=\"elementor-container elementor-column-gap-default\">\n\t\t\t\t\t<div class=\"elementor-column elementor-col-100 elementor-top-column elementor-element elementor-element-caf8bdc\" data-id=\"caf8bdc\" data-element_type=\"column\" data-e-type=\"column\">\n\t\t\t<div class=\"elementor-widget-wrap elementor-element-populated\">\n\t\t\t\t\t\t<div class=\"elementor-element elementor-element-8a64148 elementor-widget elementor-widget-heading\" data-id=\"8a64148\" data-element_type=\"widget\" data-e-type=\"widget\" data-widget_type=\"heading.default\">\n\t\t\t\t<div class=\"elementor-widget-container\">\n\t\t\t\t\t<h3 class=\"elementor-heading-title elementor-size-default\">Our Services<\/h3>\t\t\t\t<\/div>\n\t\t\t\t<\/div>\n\t\t\t\t<div class=\"elementor-element elementor-element-5b01f03 elementor-widget-divider--view-line elementor-widget elementor-widget-divider\" data-id=\"5b01f03\" data-element_type=\"widget\" data-e-type=\"widget\" data-widget_type=\"divider.default\">\n\t\t\t\t<div class=\"elementor-widget-container\">\n\t\t\t\t\t\t\t<div class=\"elementor-divider\">\n\t\t\t<span class=\"elementor-divider-separator\">\n\t\t\t\t\t\t<\/span>\n\t\t<\/div>\n\t\t\t\t\t\t<\/div>\n\t\t\t\t<\/div>\n\t\t\t\t<div class=\"elementor-element elementor-element-adfa19d elementor-widget elementor-widget-text-editor\" data-id=\"adfa19d\" data-element_type=\"widget\" data-e-type=\"widget\" data-widget_type=\"text-editor.default\">\n\t\t\t\t<div class=\"elementor-widget-container\">\n\t\t\t\t\t\t\t\t\t<p><strong>From the idea to the finished product \u2013 we are at your side every step of the way.<\/strong><\/p>\t\t\t\t\t\t\t\t<\/div>\n\t\t\t\t<\/div>\n\t\t\t\t<div class=\"elementor-element elementor-element-42f161c elementor-widget elementor-widget-text-editor\" data-id=\"42f161c\" data-element_type=\"widget\" data-e-type=\"widget\" data-widget_type=\"text-editor.default\">\n\t\t\t\t<div class=\"elementor-widget-container\">\n\t\t\t\t\t\t\t\t\t<p>We are your full-service provider for the e-mobility transition and the electrification of machinery and systems. Our experienced engineering specialists will be happy to advise you and offer you tried and tested solutions for your applications.<\/p><p>We have a wealth of experience from small to very large projects and offer top references. When it comes to product planning, construction and development, we are the right partner at your side. We accompany you from the idea to the finished product - regardless of whether it is a prototype, a sample, pre-series or series production.<\/p>\t\t\t\t\t\t\t\t<\/div>\n\t\t\t\t<\/div>\n\t\t\t\t<div class=\"elementor-element elementor-element-d0b9e77 elementor-align-center elementor-widget elementor-widget-button\" data-id=\"d0b9e77\" data-element_type=\"widget\" data-e-type=\"widget\" data-widget_type=\"button.default\">\n\t\t\t\t<div class=\"elementor-widget-container\">\n\t\t\t\t\t\t\t\t\t<div class=\"elementor-button-wrapper\">\n\t\t\t\t\t<a class=\"elementor-button elementor-button-link elementor-size-sm\" href=\"https:\/\/www.scio-technology.com\/en\/kontakt\/\">\n\t\t\t\t\t\t<span class=\"elementor-button-content-wrapper\">\n\t\t\t\t\t\t\t\t\t<span class=\"elementor-button-text\">Contact us<\/span>\n\t\t\t\t\t<\/span>\n\t\t\t\t\t<\/a>\n\t\t\t\t<\/div>\n\t\t\t\t\t\t\t\t<\/div>\n\t\t\t\t<\/div>\n\t\t\t\t\t<\/div>\n\t\t<\/div>\n\t\t\t\t\t<\/div>\n\t\t<\/section>\n\t\t\t\t<section class=\"elementor-section elementor-top-section elementor-element elementor-element-d9f2cfb elementor-section-boxed elementor-section-height-default elementor-section-height-default\" data-id=\"d9f2cfb\" data-element_type=\"section\" data-e-type=\"section\">\n\t\t\t\t\t\t<div class=\"elementor-container elementor-column-gap-no\">\n\t\t\t\t\t<div class=\"elementor-column elementor-col-100 elementor-top-column elementor-element elementor-element-abce582\" data-id=\"abce582\" data-element_type=\"column\" data-e-type=\"column\">\n\t\t\t<div class=\"elementor-widget-wrap elementor-element-populated\">\n\t\t\t\t\t\t<section class=\"elementor-section elementor-inner-section elementor-element elementor-element-761e691 elementor-section-boxed elementor-section-height-default elementor-section-height-default\" data-id=\"761e691\" data-element_type=\"section\" data-e-type=\"section\">\n\t\t\t\t\t\t<div class=\"elementor-container elementor-column-gap-default\">\n\t\t\t\t\t<div class=\"elementor-column elementor-col-50 elementor-inner-column elementor-element elementor-element-344745d\" data-id=\"344745d\" data-element_type=\"column\" data-e-type=\"column\">\n\t\t\t<div class=\"elementor-widget-wrap elementor-element-populated\">\n\t\t\t\t\t\t<div class=\"elementor-element elementor-element-9a21a5b overv-hid elementor-position-top elementor-widget elementor-widget-image-box\" data-id=\"9a21a5b\" data-element_type=\"widget\" data-e-type=\"widget\" data-widget_type=\"image-box.default\">\n\t\t\t\t<div class=\"elementor-widget-container\">\n\t\t\t\t\t<div class=\"elementor-image-box-wrapper\"><figure class=\"elementor-image-box-img\"><a href=\"https:\/\/www.scio-technology.com\/en\/leistungen\/engineering\/\" tabindex=\"-1\"><img decoding=\"async\" src=\"https:\/\/www.scio-technology.com\/wp-content\/uploads\/elementor\/thumbs\/SCIO_Engineering_2-olz8qop9bf2smuo9imeslbxxaalnv7o3zjjuhj3k74.jpg\" title=\"SCIO_Engineering_2\" alt=\"SCIO_Engineering_2\" class=\"elementor-animation-grow\" loading=\"lazy\" \/><\/a><\/figure><div class=\"elementor-image-box-content\"><h3 class=\"elementor-image-box-title\"><a href=\"https:\/\/www.scio-technology.com\/en\/leistungen\/engineering\/\">Engineering<\/a><\/h3><p class=\"elementor-image-box-description\">From the first idea to the finished product<\/p><\/div><\/div>\t\t\t\t<\/div>\n\t\t\t\t<\/div>\n\t\t\t\t\t<\/div>\n\t\t<\/div>\n\t\t\t\t<div class=\"elementor-column elementor-col-50 elementor-inner-column elementor-element elementor-element-addd2c0\" data-id=\"addd2c0\" data-element_type=\"column\" data-e-type=\"column\">\n\t\t\t<div class=\"elementor-widget-wrap elementor-element-populated\">\n\t\t\t\t\t\t<div class=\"elementor-element elementor-element-04299c6 overv-hid elementor-position-top elementor-widget elementor-widget-image-box\" data-id=\"04299c6\" data-element_type=\"widget\" data-e-type=\"widget\" data-widget_type=\"image-box.default\">\n\t\t\t\t<div class=\"elementor-widget-container\">\n\t\t\t\t\t<div class=\"elementor-image-box-wrapper\"><figure class=\"elementor-image-box-img\"><a href=\"https:\/\/www.scio-technology.com\/en\/leistungen\/simulation\/\" tabindex=\"-1\"><img fetchpriority=\"high\" decoding=\"async\" width=\"392\" height=\"250\" src=\"https:\/\/www.scio-technology.com\/wp-content\/uploads\/2021\/08\/statische_mechanische-belastung_small.jpg\" class=\"elementor-animation-grow attachment-full size-full wp-image-3014\" alt=\"\" srcset=\"https:\/\/www.scio-technology.com\/wp-content\/uploads\/2021\/08\/statische_mechanische-belastung_small.jpg 392w, https:\/\/www.scio-technology.com\/wp-content\/uploads\/2021\/08\/statische_mechanische-belastung_small-300x191.jpg 300w, https:\/\/www.scio-technology.com\/wp-content\/uploads\/2021\/08\/statische_mechanische-belastung_small-18x12.jpg 18w\" sizes=\"(max-width: 392px) 100vw, 392px\" \/><\/a><\/figure><div class=\"elementor-image-box-content\"><h3 class=\"elementor-image-box-title\"><a href=\"https:\/\/www.scio-technology.com\/en\/leistungen\/simulation\/\">Simulation<\/a><\/h3><p class=\"elementor-image-box-description\">Simulation of CAD-Models<\/p><\/div><\/div>\t\t\t\t<\/div>\n\t\t\t\t<\/div>\n\t\t\t\t\t<\/div>\n\t\t<\/div>\n\t\t\t\t\t<\/div>\n\t\t<\/section>\n\t\t\t\t<section class=\"elementor-section elementor-inner-section elementor-element elementor-element-9b442c9 elementor-section-boxed elementor-section-height-default elementor-section-height-default\" data-id=\"9b442c9\" data-element_type=\"section\" data-e-type=\"section\">\n\t\t\t\t\t\t<div class=\"elementor-container elementor-column-gap-default\">\n\t\t\t\t\t<div class=\"elementor-column elementor-col-50 elementor-inner-column elementor-element elementor-element-bf60ec3\" data-id=\"bf60ec3\" data-element_type=\"column\" data-e-type=\"column\">\n\t\t\t<div class=\"elementor-widget-wrap elementor-element-populated\">\n\t\t\t\t\t\t<div class=\"elementor-element elementor-element-59641af overv-hid elementor-position-top elementor-widget elementor-widget-image-box\" data-id=\"59641af\" data-element_type=\"widget\" data-e-type=\"widget\" data-widget_type=\"image-box.default\">\n\t\t\t\t<div class=\"elementor-widget-container\">\n\t\t\t\t\t<div class=\"elementor-image-box-wrapper\"><figure class=\"elementor-image-box-img\"><a href=\"https:\/\/www.scio-technology.com\/en\/leistungen\/testing\/\" tabindex=\"-1\"><img decoding=\"async\" src=\"https:\/\/www.scio-technology.com\/wp-content\/uploads\/elementor\/thumbs\/SCIO_Engineering_4-olz97i1bkq3gbq8zbw2j736rufq1kaf8yrojjq60w0.jpg\" title=\"SCIO_Engineering_4\" alt=\"SCIO_Engineering_4\" class=\"elementor-animation-grow\" loading=\"lazy\" \/><\/a><\/figure><div class=\"elementor-image-box-content\"><h3 class=\"elementor-image-box-title\"><a href=\"https:\/\/www.scio-technology.com\/en\/leistungen\/testing\/\">Testing<\/a><\/h3><p class=\"elementor-image-box-description\">Prototype and product testing <\/p><\/div><\/div>\t\t\t\t<\/div>\n\t\t\t\t<\/div>\n\t\t\t\t\t<\/div>\n\t\t<\/div>\n\t\t\t\t<div class=\"elementor-column elementor-col-50 elementor-inner-column elementor-element elementor-element-09a085d\" data-id=\"09a085d\" data-element_type=\"column\" data-e-type=\"column\">\n\t\t\t<div class=\"elementor-widget-wrap elementor-element-populated\">\n\t\t\t\t\t\t<div class=\"elementor-element elementor-element-25a87ee overv-hid elementor-position-top elementor-widget elementor-widget-image-box\" data-id=\"25a87ee\" data-element_type=\"widget\" data-e-type=\"widget\" data-widget_type=\"image-box.default\">\n\t\t\t\t<div class=\"elementor-widget-container\">\n\t\t\t\t\t<div class=\"elementor-image-box-wrapper\"><figure class=\"elementor-image-box-img\"><a href=\"https:\/\/www.scio-technology.com\/en\/leistungen\/prototyping\/\" tabindex=\"-1\"><img decoding=\"async\" width=\"376\" height=\"250\" src=\"https:\/\/www.scio-technology.com\/wp-content\/uploads\/2021\/08\/prototyping_small.jpg\" class=\"elementor-animation-grow attachment-full size-full wp-image-3010\" alt=\"\" srcset=\"https:\/\/www.scio-technology.com\/wp-content\/uploads\/2021\/08\/prototyping_small.jpg 376w, https:\/\/www.scio-technology.com\/wp-content\/uploads\/2021\/08\/prototyping_small-300x199.jpg 300w, https:\/\/www.scio-technology.com\/wp-content\/uploads\/2021\/08\/prototyping_small-18x12.jpg 18w\" sizes=\"(max-width: 376px) 100vw, 376px\" \/><\/a><\/figure><div class=\"elementor-image-box-content\"><h3 class=\"elementor-image-box-title\"><a href=\"https:\/\/www.scio-technology.com\/en\/leistungen\/prototyping\/\">Prototyping &amp; Produktion<\/a><\/h3><p class=\"elementor-image-box-description\">Prototypes from series of 1 to large-scale production<\/p><\/div><\/div>\t\t\t\t<\/div>\n\t\t\t\t<\/div>\n\t\t\t\t\t<\/div>\n\t\t<\/div>\n\t\t\t\t\t<\/div>\n\t\t<\/section>\n\t\t\t\t<section class=\"elementor-section elementor-inner-section elementor-element elementor-element-7b605a7 elementor-section-boxed elementor-section-height-default elementor-section-height-default\" data-id=\"7b605a7\" data-element_type=\"section\" data-e-type=\"section\">\n\t\t\t\t\t\t<div class=\"elementor-container elementor-column-gap-default\">\n\t\t\t\t\t<div class=\"elementor-column elementor-col-50 elementor-inner-column elementor-element elementor-element-94d647a\" data-id=\"94d647a\" data-element_type=\"column\" data-e-type=\"column\">\n\t\t\t<div class=\"elementor-widget-wrap elementor-element-populated\">\n\t\t\t\t\t\t<div class=\"elementor-element elementor-element-a004209 overv-hid elementor-position-top elementor-widget elementor-widget-image-box\" data-id=\"a004209\" data-element_type=\"widget\" data-e-type=\"widget\" data-widget_type=\"image-box.default\">\n\t\t\t\t<div class=\"elementor-widget-container\">\n\t\t\t\t\t<div class=\"elementor-image-box-wrapper\"><figure class=\"elementor-image-box-img\"><a href=\"https:\/\/www.scio-technology.com\/en\/leistungen\/digitalisierung\/\" tabindex=\"-1\"><img decoding=\"async\" src=\"https:\/\/www.scio-technology.com\/wp-content\/uploads\/elementor\/thumbs\/SCIO_Digitalisierung_Header-om106z3g243hbym7viohkednr9msuz4ydq0f8e5szk.jpg\" title=\"SCIO Digitalisierung Header\" alt=\"SCIO Digitalisierung Header\" class=\"elementor-animation-grow\" loading=\"lazy\" \/><\/a><\/figure><div class=\"elementor-image-box-content\"><h3 class=\"elementor-image-box-title\"><a href=\"https:\/\/www.scio-technology.com\/en\/leistungen\/digitalisierung\/\">Digitalization<\/a><\/h3><p class=\"elementor-image-box-description\">Digital Twin \u2013 the digital battery<\/p><\/div><\/div>\t\t\t\t<\/div>\n\t\t\t\t<\/div>\n\t\t\t\t\t<\/div>\n\t\t<\/div>\n\t\t\t\t<div class=\"elementor-column elementor-col-50 elementor-inner-column elementor-element elementor-element-a8b6353\" data-id=\"a8b6353\" data-element_type=\"column\" data-e-type=\"column\">\n\t\t\t<div class=\"elementor-widget-wrap\">\n\t\t\t\t\t\t\t<\/div>\n\t\t<\/div>\n\t\t\t\t\t<\/div>\n\t\t<\/section>\n\t\t\t\t\t<\/div>\n\t\t<\/div>\n\t\t\t\t\t<\/div>\n\t\t<\/section>\n\t\t\t\t<\/div>\n\t\t<script language='javascript' type='text\/javascript'>function getWR360PopupSkin(){return 'light_clean';}<\/script>","protected":false},"excerpt":{"rendered":"<p>Unsere Leistungen Von der Idee bis zum Produkt \u2013 wir sind an Ihrer Seite. Wir sind Ihr Full-Service Dienstleister f\u00fcr die Mobilit\u00e4tswende und der Elektrifizierung der Industrie und Anlagen. Unsere erfahrenen Engineering-Spezialisten beraten Sie gerne und bieten Ihnen erprobte L\u00f6sungen f\u00fcr Ihre Anwendungen. Wir verf\u00fcgen \u00fcber einen reichhaltigen Erfahrungsschatz von kleinen wie auch sehr gro\u00dfen&hellip;&nbsp;<a href=\"https:\/\/www.scio-technology.com\/en\/leistungen\/\" rel=\"bookmark\">Read More &raquo;<span class=\"screen-reader-text\">Services<\/span><\/a><\/p>","protected":false},"author":1,"featured_media":0,"parent":0,"menu_order":0,"comment_status":"closed","ping_status":"closed","template":"","meta":{"neve_meta_sidebar":"full-width","neve_meta_container":"","neve_meta_enable_content_width":"on","neve_meta_content_width":100,"neve_meta_title_alignment":"","neve_meta_author_avatar":"","neve_post_elements_order":"","neve_meta_disable_header":"","neve_meta_disable_footer":"","neve_meta_disable_title":"","neve_meta_reading_time":"","_themeisle_gutenberg_block_has_review":false,"footnotes":""},"class_list":["post-650","page","type-page","status-publish","hentry"],"_links":{"self":[{"href":"https:\/\/www.scio-technology.com\/en\/wp-json\/wp\/v2\/pages\/650","targetHints":{"allow":["GET"]}}],"collection":[{"href":"https:\/\/www.scio-technology.com\/en\/wp-json\/wp\/v2\/pages"}],"about":[{"href":"https:\/\/www.scio-technology.com\/en\/wp-json\/wp\/v2\/types\/page"}],"author":[{"embeddable":true,"href":"https:\/\/www.scio-technology.com\/en\/wp-json\/wp\/v2\/users\/1"}],"replies":[{"embeddable":true,"href":"https:\/\/www.scio-technology.com\/en\/wp-json\/wp\/v2\/comments?post=650"}],"version-history":[{"count":41,"href":"https:\/\/www.scio-technology.com\/en\/wp-json\/wp\/v2\/pages\/650\/revisions"}],"predecessor-version":[{"id":3596,"href":"https:\/\/www.scio-technology.com\/en\/wp-json\/wp\/v2\/pages\/650\/revisions\/3596"}],"wp:attachment":[{"href":"https:\/\/www.scio-technology.com\/en\/wp-json\/wp\/v2\/media?parent=650"}],"curies":[{"name":"wp","href":"https:\/\/api.w.org\/{rel}","templated":true}]}}